{"id":226845,"date":"2024-07-29T21:59:10","date_gmt":"2024-07-29T21:59:10","guid":{"rendered":"https:\/\/www.alpinoclub.com\/politique-de-confidentialite\/"},"modified":"2025-12-26T23:44:05","modified_gmt":"2025-12-26T23:44:05","slug":"politique-de-confidentialite","status":"publish","type":"page","link":"https:\/\/www.alpinoclub.com\/fr\/politique-de-confidentialite\/","title":{"rendered":"Politique de confidentialit\u00e9"},"content":{"rendered":"<p>La confidentialit\u00e9 et la s\u00e9curit\u00e9 sont des valeurs fondamentales d\u2019Alpino Club et, par cons\u00e9quent, nous nous engageons \u00e0 garantir la vie priv\u00e9e de l\u2019utilisateur en permanence et \u00e0 ne pas collecter d\u2019informations inutiles. Ci-dessous, nous vous fournissons toutes les informations n\u00e9cessaires concernant notre Politique de confidentialit\u00e9 concernant les donn\u00e9es personnelles que nous collectons, en expliquant : <\/p>\n<ul>\n<li>Qui est responsable du traitement de vos donn\u00e9es.<\/li>\n<li>Dans quel but collectons-nous les donn\u00e9es que nous vous demandons ?<\/li>\n<li>Quelle est la l\u00e9gitimit\u00e9 de son traitement ?<\/li>\n<li>Combien de temps on les garde ?<\/li>\n<li>\u00c0 quels destinataires vos donn\u00e9es sont communiqu\u00e9es.<\/li>\n<li>Quels sont vos droits ?<\/li>\n<\/ul>\n<p><strong>1. Responsable :<\/strong><\/p>\n<p>Boi Serveis de Muntanya, S.L. (B56265374)<br \/>\nCalle Casa Mestre, 15, La<br \/>\n Vall de Boi, 25528, Boi (L\u00e8rida)<br \/>\ncomercial@alpinoclub.com<\/p>\n<p>2. <strong>Finalit\u00e9s, l\u00e9gitimit\u00e9 et conservation du traitement des <\/strong><strong>donn\u00e9es transmises via :<\/strong><\/p>\n<p>FORMULAIRE DE CONTACT\/DEMANDE UN DEVIS.<\/p>\n<p><strong>Objectif<\/strong> : Vous fournir un moyen de nous contacter et de r\u00e9pondre \u00e0 vos demandes d\u2019information, ainsi que de vous envoyer des communications concernant nos produits, services et activit\u00e9s, y compris par voie \u00e9lectronique, si vous cochez la case d\u2019adh\u00e9sion.<br \/>\n<strong>L\u00e9gitimation<\/strong> : le consentement de l\u2019utilisateur lors de la demande d\u2019informations via notre formulaire de contact et en cochant la case pour accepter l\u2019envoi des informations.<br \/>\n<strong>Stockage<\/strong> : Jusqu\u2019\u00e0 ce que votre demande ait \u00e9t\u00e9 r\u00e9solue via notre formulaire ou r\u00e9pondue par e-mail, si elle n\u2019a pas g\u00e9n\u00e9r\u00e9 de nouveau traitement. Si vous avez accept\u00e9 de recevoir des envois commerciaux, jusqu\u2019\u00e0 ce que vous demandiez \u00e0 vous d\u00e9sabonner d\u2019eux.<br \/>\nENVOYER DES EMAILS.<br \/>\n<strong>Objectif<\/strong> : r\u00e9pondre \u00e0 vos demandes d\u2019information, r\u00e9pondre \u00e0 vos demandes et r\u00e9pondre \u00e0 vos questions ou doutes.<br \/>\n<strong>L\u00e9gitimation<\/strong> : le consentement de l\u2019utilisateur lors de la demande d\u2019informations via l\u2019adresse e-mail.<br \/>\n<strong>Stockage<\/strong> : Jusqu\u2019\u00e0 ce que votre demande ait re\u00e7u r\u00e9ponse par e-mail, si elle n\u2019a pas g\u00e9n\u00e9r\u00e9 de nouveau traitement.<br \/>\nENVOI DU CURRICULUM VITAE PAR EMAIL.<br \/>\n<strong>Objectif<\/strong> : Avoir votre CV pour participer \u00e0 nos processus de s\u00e9lection du personnel.<\/p>\n<p><strong>L\u00e9gitimation<\/strong> : le consentement de l\u2019utilisateur lors de l\u2019envoi de ses informations personnelles et de son CV pour nos processus de s\u00e9lection du personnel.<br \/>\n<strong>Conservation<\/strong> : Lors du d\u00e9veloppement de processus ouverts de s\u00e9lection du personnel et pendant un an pour les processus futurs.<\/p>\n<p><strong>Obligation de nous fournir vos donn\u00e9es personnelles et cons\u00e9quences en cas de non-intervention.<\/strong><br \/>\nLa fourniture de donn\u00e9es personnelles exige un \u00e2ge minimum de 14 ans ou, le cas \u00e9ch\u00e9ant, une capacit\u00e9 juridique suffisante pour contracter.<br \/>\nLes donn\u00e9es personnelles demand\u00e9es sont n\u00e9cessaires pour g\u00e9rer vos demandes et\/ou vous fournir les services que vous pourriez contracter, donc si vous ne nous les fournissez pas, nous ne pourrons pas vous prendre en charge correctement ni vous fournir le service que vous avez demand\u00e9.<br \/>\n3.<strong> Destinataires de vos donn\u00e9es<\/strong><br \/>\nVos donn\u00e9es sont confidentielles et ne seront pas transf\u00e9r\u00e9es \u00e0 des tiers, sauf obligation l\u00e9gale. En cas d\u2019inscription, vous acc\u00e9derez au site web https:\/\/xiolia.alpinoclub.com\/ lequel nous sommes les propri\u00e9taires, et o\u00f9 vous pouvez consulter une politique de confidentialit\u00e9 concernant le traitement des donn\u00e9es effectu\u00e9 sur celui-ci ainsi que les destinataires potentiels de vos donn\u00e9es en cas de contrat de voyage.<br \/>\n4. <strong>Droits relatifs \u00e0 vos donn\u00e9es personnelles<\/strong><br \/>\nToute personne peut retirer son consentement \u00e0 tout moment, lorsqu\u2019il a \u00e9t\u00e9 accord\u00e9 pour le traitement de ses donn\u00e9es. En aucun cas, le retrait de ce consentement ne conditionne l\u2019ex\u00e9cution du contrat de souscription ou les relations pr\u00e9c\u00e9demment \u00e9tablies.  <\/p>\n<p>Vous pouvez \u00e9galement exercer les droits suivants :<\/p>\n<p>&#8211; Demander l\u2019acc\u00e8s ou la rectification de vos donn\u00e9es personnelles lorsqu\u2019elles sont inexactes.<br \/>\n&#8211; Demander leur suppression lorsque, entre autres raisons, les donn\u00e9es ne sont plus n\u00e9cessaires aux<br \/>\nfins pour lesquelles elles ont \u00e9t\u00e9 collect\u00e9es.<br \/>\n&#8211; Demander la limitation de leur traitement dans certaines circonstances.<br \/>\n&#8211; Demander l\u2019opposition au traitement de vos donn\u00e9es pour des raisons li\u00e9es \u00e0 votre<br \/>\nsituation particuli\u00e8re.<br \/>\n&#8211; Demander la portabilit\u00e9 des donn\u00e9es dans les cas pr\u00e9vus par la r\u00e9glementation.<br \/>\n&#8211; D\u2019autres droits reconnus dans les r\u00e8glements applicables.<\/p>\n<p>O\u00f9 et comment demander vos droits : En \u00e9crivant \u00e0 la partie responsable \u00e0 son adresse postale ou \u00e9lectronique (indiqu\u00e9e dans la section initiale), en indiquant la r\u00e9f\u00e9rence \u00ab Donn\u00e9es personnelles \u00bb, en pr\u00e9cisant le droit que vous souhaitez exercer et \u00e0 l\u2019\u00e9gard de quelles donn\u00e9es personnelles. En cas de d\u00e9saccord avec l\u2019entreprise concernant le traitement de vos donn\u00e9es, vous pouvez d\u00e9poser une plainte aupr\u00e8s de l\u2019Autorit\u00e9 de Protection des Donn\u00e9es (www.aepd.es). <\/p>\n<p>5. <strong>Cookies<\/strong><br \/>\nCe site web utilise ses propres cookies techniques<br \/>\n, de personnalisation, d\u2019analyse et de publicit\u00e9 qui traitent les donn\u00e9es de connexion et\/ou d\u2019appareils ainsi que les habitudes de navigation \u00e0 des fins<br \/>\nstatistiques et publicitaires.<\/p>\n<p>Par cons\u00e9quent, lors de l\u2019acc\u00e8s \u00e0 notre site web, conform\u00e9ment \u00e0 l\u2019article 22 de la<br \/>\nLoi sur les services de la soci\u00e9t\u00e9 de l\u2019information, lors du traitement des cookies susmentionn\u00e9s, nous vous avons demand\u00e9<br \/>\nvotre consentement pour leur utilisation et fourni des informations \u00e0 leur sujet.<br \/>\n6.  <strong>S\u00e9curit\u00e9 de vos donn\u00e9es personnelles<\/strong><br \/>\nAfin de prot\u00e9ger vos donn\u00e9es personnelles, nous vous informons que nous avons adopt\u00e9 toutes les mesures techniques et organisationnelles n\u00e9cessaires pour garantir la s\u00e9curit\u00e9 des donn\u00e9es personnelles fournies contre toute alt\u00e9ration, perte ou traitement ou acc\u00e8s non autoris\u00e9.<br \/>\n7.  <strong>Mise \u00e0 jour de vos donn\u00e9es<\/strong><br \/>\nIl est important que, pour que nous puissions mettre \u00e0 jour vos donn\u00e9es personnelles, vous nous informiez d\u00e8s qu\u2019il y a eu une modification \u00e0 leur sujet, sinon nous ne sommes pas responsables de leur v\u00e9racit\u00e9.<br \/>\nNous ne sommes pas responsables de la politique de confidentialit\u00e9 concernant les donn\u00e9es personnelles que vous pouvez fournir \u00e0 des tiers via les liens disponibles sur notre site web.<\/p>\n<p>Cette politique de confidentialit\u00e9 peut \u00eatre modifi\u00e9e pour s\u2019adapter aux changements survenus sur notre site web, ainsi qu\u2019aux modifications l\u00e9gislatives ou jurisprudentielles sur les donn\u00e9es personnelles qui pourraient appara\u00eetre, il est donc n\u00e9cessaire que vous la lisiez \u00e0 chaque fois que vous nous fournissez vos donn\u00e9es via ce site.<\/p>\n","protected":false},"excerpt":{"rendered":"<p>La confidentialit\u00e9 et la s\u00e9curit\u00e9 sont des valeurs fondamentales d\u2019Alpino Club et, par cons\u00e9quent, nous nous engageons \u00e0 garantir la vie priv\u00e9e de l\u2019utilisateur en permanence et \u00e0 ne pas collecter d\u2019informations inutiles. Ci-dessous, nous vous fournissons toutes les informations n\u00e9cessaires concernant notre Politique de confidentialit\u00e9 concernant les donn\u00e9es personnelles que nous collectons, en expliquant [&hellip;]<\/p>\n","protected":false},"author":1,"featured_media":0,"parent":0,"menu_order":0,"comment_status":"open","ping_status":"open","template":"","meta":{"_et_pb_use_builder":"","_et_pb_old_content":"","_et_gb_content_width":"","_mbp_gutenberg_autopost":false,"footnotes":""},"class_list":["post-226845","page","type-page","status-publish","hentry"],"_links":{"self":[{"href":"https:\/\/www.alpinoclub.com\/fr\/wp-json\/wp\/v2\/pages\/226845","targetHints":{"allow":["GET"]}}],"collection":[{"href":"https:\/\/www.alpinoclub.com\/fr\/wp-json\/wp\/v2\/pages"}],"about":[{"href":"https:\/\/www.alpinoclub.com\/fr\/wp-json\/wp\/v2\/types\/page"}],"author":[{"embeddable":true,"href":"https:\/\/www.alpinoclub.com\/fr\/wp-json\/wp\/v2\/users\/1"}],"replies":[{"embeddable":true,"href":"https:\/\/www.alpinoclub.com\/fr\/wp-json\/wp\/v2\/comments?post=226845"}],"version-history":[{"count":1,"href":"https:\/\/www.alpinoclub.com\/fr\/wp-json\/wp\/v2\/pages\/226845\/revisions"}],"predecessor-version":[{"id":226847,"href":"https:\/\/www.alpinoclub.com\/fr\/wp-json\/wp\/v2\/pages\/226845\/revisions\/226847"}],"wp:attachment":[{"href":"https:\/\/www.alpinoclub.com\/fr\/wp-json\/wp\/v2\/media?parent=226845"}],"curies":[{"name":"wp","href":"https:\/\/api.w.org\/{rel}","templated":true}]}}