{"id":226736,"date":"2024-08-26T20:46:58","date_gmt":"2024-08-26T20:46:58","guid":{"rendered":"https:\/\/www.alpinoclub.com\/billets-davion-conditionnels\/"},"modified":"2025-12-26T23:43:28","modified_gmt":"2025-12-26T23:43:28","slug":"billets-davion-conditionnels","status":"publish","type":"page","link":"https:\/\/www.alpinoclub.com\/fr\/billets-davion-conditionnels\/","title":{"rendered":"Billets d\u2019avion conditionnels"},"content":{"rendered":"<p><b>BILLETS D\u2019AVION<\/b><\/p>\n<p>BOI SERVEIS DE MUNTANYA S.L, en tant qu\u2019organisateur et d\u00e9taillant, avec CIF B56265374, agence de voyages appartenant \u00e0 la cat\u00e9gorie Agence en ligne selon l\u2019activit\u00e9 n\u00b0 <b>1 <\/b>R\u00e9f\u00e9rence <b>894700301677.0 <\/b>Groupe ou \u00e9pigraphe\/section IAE : <b>755 &#8211; AGENCE DE VOYAGES adresse <\/b>pour communications \u00e9crites \u00e0 Calle Casa Mestre, 15, La Vall de Boi. Lleida C.P. 25528. <\/p>\n<p>Et le client, en tant que contractant principal, avec une adresse de communication et muni d\u2019un N.I.F. ou d\u2019un passeport, qui agit \u00e9galement comme repr\u00e9sentant l\u00e9gal du mineur \u00e0 qui un localisateur du voyage organis\u00e9 pour l\u2019entit\u00e9 ou le groupe auquel il ou elle appartient sera affect\u00e9 et qui est \u00e9galement repr\u00e9sent\u00e9 par un agent verbal sp\u00e9cial pour cet acte,  comme il l\u2019assure et au nom de chacun des passagers. Par cons\u00e9quent, dans ce m\u00eame contrat, la repr\u00e9sentation du Contractant Principal est autoris\u00e9e, ce qui autorise sa repr\u00e9sentation. <\/p>\n<p><b>D\u00c9CLAREZ :<\/b><\/p>\n<p><b>PREMI\u00c8REMENT : <\/b>Que le passager ait achet\u00e9 des billets d\u2019avion pour un montant sp\u00e9cifi\u00e9 dans la brochure de l\u2019offre, ainsi que les frais d\u2019\u00e9mission de gestion.<\/p>\n<p>Que l\u2019agence de voyage Boi Serveis de Muntanya, S.L a fourni et remis au client\/passager le billet d\u2019avion ainsi que toutes les informations relatives au billet d\u2019avion contract\u00e9 :<\/p>\n<ul>\n<li aria-level=\"1\">Itin\u00e9raire : Origine et destination<\/li>\n<li aria-level=\"1\">Des \u00e9cailles s\u2019il y en a,<\/li>\n<li aria-level=\"1\">Ach\u00e8vement des terminaux,<\/li>\n<li aria-level=\"1\">Compagnies a\u00e9riennes en activit\u00e9,<\/li>\n<li aria-level=\"1\">Heures de d\u00e9part et d\u2019arriv\u00e9e,<\/li>\n<li aria-level=\"1\">Num\u00e9ro de vol,<\/li>\n<li aria-level=\"1\">Franchise bagages dans la cabine et dans la cale<\/li>\n<li aria-level=\"1\">Conditions du tarif contractuel,<\/li>\n<li aria-level=\"1\">Tous les d\u00e9tails du billet contract\u00e9.<\/li>\n<\/ul>\n<p><b>DEUXI\u00c8ME : <\/b>Pr\u00e9sentation et embarquement : Il est recommand\u00e9 au passager d\u2019arriver \u00e0 l\u2019a\u00e9roport 3 heures avant le d\u00e9part de son vol.<\/p>\n<p>(Le \u00ab d\u00e9lai d\u2019acceptation du vol \u00bb est le d\u00e9lai minimum avant l\u2019heure pr\u00e9vue de d\u00e9part, \u00e0 partir duquel le passager doit avoir \u00e9t\u00e9 admis au vol, avoir enregistr\u00e9 ses bagages et \u00eatre en possession de la carte d\u2019embarquement. Les compagnies a\u00e9riennes ne sont pas responsables de la non-acceptation du passager lorsque celui-ci se pr\u00e9sente aux comptoirs d\u2019enregistrement apr\u00e8s la date limite d\u2019acceptation du vol. <\/p>\n<p>Le passager doit \u00eatre pr\u00e9sent aux comptoirs d\u2019enregistrement par \u00e9crit (y compris par voie \u00e9lectronique) par la compagnie a\u00e9rienne, l\u2019op\u00e9rateur touristique ou un agent de voyage autoris\u00e9, et, en l\u2019absence de toute indication, au moins 45 minutes avant l\u2019heure annonc\u00e9e de d\u00e9part du vol. Certaines compagnies peuvent fixer d\u2019autres limites, il est donc important de vous informer bien \u00e0 l\u2019avance. Les vols vers certaines destinations internationales n\u00e9cessitent un pr\u00e9avis d\u2019embarquement plus \u00e9lev\u00e9 en raison de mesures de s\u00e9curit\u00e9 renforc\u00e9es. V\u00e9rifiez aupr\u00e8s de votre entreprise).   <\/p>\n<p><b>TROISI\u00c8MEMENT :<\/b> Il incombe au passager de se conformer \u00e0 toutes les r\u00e8gles et de poss\u00e9der tous les documents n\u00e9cessaires pour voler, et il est donc responsable de leur traitement.<\/p>\n<p>Les passagers sont responsables de :<\/p>\n<ul>\n<li aria-level=\"1\">\u00catre en possession de tous les documents personnels n\u00e9cessaires pour voler, ainsi que de leur validit\u00e9 ou de leur validit\u00e9 requise par le lieu de destination (passeports, carte d\u2019identit\u00e9, etc.). Veuillez noter qu\u2019il est n\u00e9cessaire d\u2019apporter vos documents d\u2019identit\u00e9 officiels appropri\u00e9s pour votre voyage. La carte d\u2019identit\u00e9 des vols nationaux et europ\u00e9ens ainsi que le passeport pour les autres vols internationaux. Dans certains pays, ils exigent la pr\u00e9sentation d\u2019autres documents pour entrer sur leur territoire, tels que des visas et des certificats de sant\u00e9.   <\/li>\n<li aria-level=\"1\">\u00catre en possession des visas correspondants pour entrer dans le pays de destination.<\/li>\n<li aria-level=\"1\">Respectez les mesures de s\u00e9curit\u00e9 requises par les compagnies a\u00e9riennes et les a\u00e9roports.<\/li>\n<li aria-level=\"1\">Ayez les vaccinations n\u00e9cessaires pour entrer dans les pays qui l\u2019exigent.<\/li>\n<li aria-level=\"1\">Respectez les protocoles de s\u00e9curit\u00e9 sanitaire contre le Covid-19 et apportez les analyses et tests n\u00e9cessaires pour voyager dans les pays de destination qui l\u2019exigent pour y entrer.<\/li>\n<li aria-level=\"1\">Soyez en possession de tous les documents n\u00e9cessaires \u00e0 l\u2019entr\u00e9e dans le pays de destination.<\/li>\n<\/ul>\n<p>&nbsp;<\/p>\n<p><b>QUATRI\u00c8ME : <\/b>Conform\u00e9ment aux r\u00e8glements en vigueur en Espagne (d\u00e9cret royal 1638\/1996, du 7 juillet), le d\u00e9part du territoire national de la monnaie m\u00e9tallique, des billets de banque et des ch\u00e8ques au porteur est gratuit, mais une d\u00e9claration doit \u00eatre faite lorsque leur montant d\u00e9passe 6 010,12 euros par personne et par voyage.<\/p>\n<p><b>CINQUI\u00c8ME : <\/b>Les droits des passagers du transport a\u00e9rien sont \u00e9nonc\u00e9s dans le R\u00e8glement (CE) 261\/2004 \u00e9tablissant des r\u00e8gles communes concernant l\u2019indemnisation et l\u2019assistance aux passagers en cas de refus d\u2019embarquement, d\u2019annulation ou de retard prolong\u00e9 de vols, ainsi que par la Convention de Montr\u00e9al et la Convention de Varsovie.<\/p>\n<p><b>En cas d\u2019annulation du vol contract\u00e9, c\u2019est la compagnie a\u00e9rienne qui est responsable du remboursement du montant du billet<\/b>, ainsi que de la proc\u00e9dure d\u2019indemnisation si vous y avez droit. L\u2019agence de voyages est un agent interm\u00e9diaire qui n\u2019est pas responsable de ces faits. <\/p>\n<p><b>L\u2019agent de voyage ne remboursera aucun billet annul\u00e9 tant que la compagnie a\u00e9rienne n\u2019aura pas effectu\u00e9 un remboursement, car la responsabilit\u00e9 incombe \u00e0 la compagnie <\/b>a\u00e9rienne conform\u00e9ment au R\u00e8glement (CE) 261\/2004<b>.<\/b><\/p>\n<p><b>Les frais de gestion d\u2019\u00e9mission des billets d\u2019avion ne sont en aucun cas remboursables car ils ne font pas partie du montant du billet.<\/b><\/p>\n<p><b>SIXI\u00c8ME : Le passager a \u00e9t\u00e9 inform\u00e9 de la possibilit\u00e9 de souscrire un contrat d\u2019assurance<\/b> couvrant les frais d\u2019annulation ou d\u2019annulation par le consommateur et d\u2019un contrat d\u2019assistance couvrant les frais de rapatriement ou de transfert vers son lieu d\u2019origine, en cas d\u2019accident, de maladie ou de d\u00e9c\u00e8s, y compris la couverture pour le COVID-19,  Sa r\u00e9ponse \u00e9tait :<\/p>\n<p>En cas de quarantaine rendant impossible au passager de se rendre \u00e0 l\u2019a\u00e9roport de d\u00e9part, de quarantaine au lieu de destination, ou de toute circonstance rendant impossible le d\u00e9placement \u00e0 l\u2019a\u00e9roport \u00e0 l\u2019heure et \u00e0 la date indiqu\u00e9es, <b>l\u2019agence de voyage n\u2019est PAS RESPONSABLE DE CES FAITS<\/b>, offrant au passager une assurance couvrant ce type de situation.  conform\u00e9ment aux dispositions du paragraphe pr\u00e9c\u00e9dent.<\/p>\n<p><b>Les passagers ayant souscrit une assurance voyage, et en cas de r\u00e9clamation, doivent eux-m\u00eames traiter la r\u00e9clamation directement aupr\u00e8s de la compagnie d\u2019assurance,<\/b> car des documents personnels sont demand\u00e9s \u00e0 la compagnie d\u2019assurance (rapports m\u00e9dicaux, donn\u00e9es personnelles, etc.) que l\u2019agence n\u2019est pas autoris\u00e9e \u00e0 conna\u00eetre.<\/p>\n<p><b>SEPTI\u00c8ME : EXIGENCES D\u2019ENTR\u00c9E EN ESPAGNE EN RAISON DU CONTR\u00d4LE PAND\u00c9MIQUE PAR COVID19 :<\/b>Conform\u00e9ment \u00e0 la R\u00e9solution du 11 novembre 2020 de la Direction g\u00e9n\u00e9rale de la Sant\u00e9 Publique concernant les contr\u00f4les sanitaires \u00e0 effectuer aux points d\u2019entr\u00e9e en Espagne, les passagers <b>sont AVERTIS et INFORMATS<\/b> de l\u2019obligation de pr\u00e9senter le FORMULAIRE DE CONTR\u00d4LE SANITAIRE au port ou a\u00e9roport d\u2019origine en Espagne ainsi qu\u2019au port ou a\u00e9roport d\u2019entr\u00e9e en Espagne. Ce \u00ab Formulaire de contr\u00f4le de la sant\u00e9 \u00bb peut \u00eatre rempli via le site www.spth.gob.es ou via l\u2019application \u00ab Spain Travel Health-SpTH. <\/p>\n<p>De plus, si les passagers proviennent d\u2019un pays ou d\u2019une zone class\u00e9e comme zone d\u2019irrigation par le gouvernement espagnol, ils doivent pr\u00e9senter un TEST DIAGNOSTIQUE D\u2019INFECTION ACTIVE (PDIA) pour le SARS-CoV-2 avec un r\u00e9sultat n\u00e9gatif, r\u00e9alis\u00e9 dans les 72 heures pr\u00e9c\u00e9dant leur arriv\u00e9e ou leur retour en Espagne. <b>Le seul test admis pour entrer en Espagne est le soi-disant PCR (RT. La PCR de COVID19)<\/b> d\u2019autres tests diagnostiques tels que les tests rapides d\u2019anticorps, les tests de d\u00e9tection d\u2019antig\u00e8nes ou les s\u00e9rologies \u00e0 haut d\u00e9bit ne sont pas admis.<\/p>\n<p>La liste des pays ou zones \u00e0 risque \u00e9tablie par le gouvernement espagnol est examin\u00e9e tous les 15 jours et sa mise \u00e0 jour est publi\u00e9e sur le site du Minist\u00e8re de la Sant\u00e9 : <a href=\"https:\/\/www.msbs.gob.es\/\">https:\/\/www.msbs.gob.es\/<\/a> et sur le site SpTH : <a href=\"https:\/\/www.spth.gob.es\/\">https:\/\/www.spth.gob.es<\/a>. Les r\u00e9visions de la liste des pays ou zones \u00e0 risque entreront en vigueur sept jours apr\u00e8s leur publication par le minist\u00e8re de la Sant\u00e9. <\/p>\n<p>Du fait que le gouvernement espagnol examine la liste des pays ou zones \u00e0 risque effectu\u00e9e tous les 15 jours, les passagers sont avertis que, bien que le pays vers lequel ils voyagent ne soit pas inclus dans la liste des pays ou zones \u00e0 risque au moment de l\u2019achat du billet d\u2019avion,  il se peut que cela arrive \u00e0 l\u2019avenir ou au moment de l\u2019ach\u00e8vement, afin d\u2019\u00eatre inform\u00e9 des conditions d\u2019entr\u00e9e en Espagne, conform\u00e9ment aux sections pr\u00e9c\u00e9dentes, dans le cas o\u00f9, \u00e0 la date de retour, le pays ou la zone d\u2019origine soit inclus dans la liste des pays ou zones \u00e0 risque catalogu\u00e9e par le gouvernement espagnol.<\/p>\n","protected":false},"excerpt":{"rendered":"<p>BILLETS D\u2019AVION BOI SERVEIS DE MUNTANYA S.L, en tant qu\u2019organisateur et d\u00e9taillant, avec CIF B56265374, agence de voyages appartenant \u00e0 la cat\u00e9gorie Agence en ligne selon l\u2019activit\u00e9 n\u00b0 1 R\u00e9f\u00e9rence 894700301677.0 Groupe ou \u00e9pigraphe\/section IAE : 755 &#8211; AGENCE DE VOYAGES adresse pour communications \u00e9crites \u00e0 Calle Casa Mestre, 15, La Vall de Boi. Lleida [&hellip;]<\/p>\n","protected":false},"author":1,"featured_media":0,"parent":0,"menu_order":0,"comment_status":"open","ping_status":"open","template":"","meta":{"_et_pb_use_builder":"","_et_pb_old_content":"","_et_gb_content_width":"","_mbp_gutenberg_autopost":false,"footnotes":""},"class_list":["post-226736","page","type-page","status-publish","hentry"],"_links":{"self":[{"href":"https:\/\/www.alpinoclub.com\/fr\/wp-json\/wp\/v2\/pages\/226736","targetHints":{"allow":["GET"]}}],"collection":[{"href":"https:\/\/www.alpinoclub.com\/fr\/wp-json\/wp\/v2\/pages"}],"about":[{"href":"https:\/\/www.alpinoclub.com\/fr\/wp-json\/wp\/v2\/types\/page"}],"author":[{"embeddable":true,"href":"https:\/\/www.alpinoclub.com\/fr\/wp-json\/wp\/v2\/users\/1"}],"replies":[{"embeddable":true,"href":"https:\/\/www.alpinoclub.com\/fr\/wp-json\/wp\/v2\/comments?post=226736"}],"version-history":[{"count":1,"href":"https:\/\/www.alpinoclub.com\/fr\/wp-json\/wp\/v2\/pages\/226736\/revisions"}],"predecessor-version":[{"id":226739,"href":"https:\/\/www.alpinoclub.com\/fr\/wp-json\/wp\/v2\/pages\/226736\/revisions\/226739"}],"wp:attachment":[{"href":"https:\/\/www.alpinoclub.com\/fr\/wp-json\/wp\/v2\/media?parent=226736"}],"curies":[{"name":"wp","href":"https:\/\/api.w.org\/{rel}","templated":true}]}}