{"id":226711,"date":"2023-12-30T00:05:15","date_gmt":"2023-12-30T00:05:15","guid":{"rendered":"https:\/\/www.alpinoclub.com\/avis-juridique\/"},"modified":"2025-12-26T23:49:14","modified_gmt":"2025-12-26T23:49:14","slug":"avis-juridique","status":"publish","type":"page","link":"https:\/\/www.alpinoclub.com\/fr\/avis-juridique\/","title":{"rendered":"Avis juridique"},"content":{"rendered":"<p>Ce site web est la propri\u00e9t\u00e9 de Boi Serveis de Muntanya S.l. (ci-apr\u00e8s Alpino Club), avec NIF n\u00b0 B56265374 et adresse Calle Casa Mestre, 15 \u00e0 La Vall de Boi, L\u00e8rida 25528, et enregistr\u00e9 au recensement des activit\u00e9s<br \/>\n\u00e9conomiques de l\u2019AEAT correspondant \u00e0 l\u2019exercice financier 2023 Activit\u00e9 n\u00ba 1 R\u00e9f\u00e9rence 894700301677.0 Groupe ou \u00e9pigraphe\/section IAE :  755 &#8211; AGENCES DE VOYAGE.<\/p>\n<p>Pour toute question ou proposition, veuillez nous contacter en appelant le 689 34 72 43 ou par e-mail administracion@alpinoclub.com.<br \/>\nCe site web est r\u00e9gi par les r\u00e9glementations applicables exclusivement en Espagne, et les ressortissants comme les \u00e9trangers qui l\u2019utilisent en sont soumis.<\/p>\n<p>L\u2019acc\u00e8s \u00e0 notre site web par l\u2019UTILISATEUR est gratuit et son utilisation est r\u00e9gie par les conditions d\u2019utilisation en vigueur au moment de l\u2019acc\u00e8s, que nous vous demandons de lire attentivement. Si l\u2019UTILISATEUR n\u2019est pas d\u2019accord avec ces conditions d\u2019utilisation, il\/elle doit s\u2019abstenir d\u2019utiliser ce portail et d\u2019y op\u00e9rer, et peut nous contacter afin que nous puissions r\u00e9soudre toute question \u00e0 son sujet.<br \/>\nLa fourniture de donn\u00e9es personnelles et la contractualisation via notre portail n\u00e9cessitent un \u00e2ge minimum de 14 ans ou, le cas \u00e9ch\u00e9ant, une capacit\u00e9 juridique suffisante pour contracter. <\/p>\n<p>\u00c0 tout moment, nous pouvons modifier la pr\u00e9sentation et la configuration de notre site web, \u00e9tendre ou r\u00e9duire des services, voire les supprimer du r\u00e9seau, ainsi que les services et contenus fournis.<\/p>\n<h3>A. PROPRI\u00c9T\u00c9 INTELLECTUELLE<\/h3>\n<p>Tous les contenus, textes, images et codes sources appartiennent \u00e0 Alpino Club ou \u00e0 des tiers aupr\u00e8s desquels leurs droits d\u2019exploitation ont \u00e9t\u00e9 acquis, et sont prot\u00e9g\u00e9s par des droits de propri\u00e9t\u00e9 intellectuelle et<br \/>\nindustrielle.<\/p>\n<p>L\u2019UTILISATEUR n\u2019a droit qu\u2019\u00e0 leur usage priv\u00e9, sans profit, et a besoin d\u2019une autorisation expresse pour modifier, reproduire, exploiter, distribuer ou exercer tout droit<br \/>\nappartenant \u00e0 son propri\u00e9taire.<\/p>\n<p>Alpino Club est une marque d\u00e9pos\u00e9e, et sa reproduction, imitation, utilisation ou insertion de ces marques sans notre autorisation est interdite.<\/p>\n<p>L\u2019\u00e9tablissement de liens vers notre portail ne conf\u00e8re aucun droit sur celui-ci. De plus, le simple fait d\u2019\u00e9tablir un lien vers notre site web ne vous donne pas droit au statut de collaborateur ou de partenaire.<br \/>\nAlpino Club est exon\u00e9r\u00e9 de toute responsabilit\u00e9 concernant toute r\u00e9clamation concernant les droits de propri\u00e9t\u00e9 intellectuelle des articles et images publi\u00e9s par des tiers sur son portail. <\/p>\n<p>Il est absolument interdit d\u2019imiter notre site web, en tout ou en partie, ni d\u2019\u00e9tablir des liens vers notre site sans l\u2019autorisation pr\u00e9alable du Alpino Club.<\/p>\n<h3>B. CONDITIONS D\u2019ACC\u00c8S ET D\u2019UTILISATION<\/h3>\n<p>L\u2019acc\u00e8s \u00e0 notre site web est gratuit et ne n\u00e9cessite ni abonnement pr\u00e9alable ni inscription. Cependant, certains services sont limit\u00e9s \u00e0 certains UTILISATEURS et n\u00e9cessitent un processus d\u2019enregistrement et\/ou une identification au moyen de mots de passe. Ces services seront<br \/>\nd\u00fbment identifi\u00e9s sur le site web.  <\/p>\n<p>L\u2019envoi de donn\u00e9es personnelles implique l\u2019acceptation expresse par l\u2019UTILISATEUR de notre politique de confidentialit\u00e9.<br \/>\nL\u2019UTILISATEUR doit acc\u00e9der \u00e0 notre site web de bonne foi, aux r\u00e8gles de l\u2019ordre public et aux pr\u00e9sentes Conditions g\u00e9n\u00e9rales d\u2019utilisation. L\u2019acc\u00e8s \u00e0 notre site web rel\u00e8ve de la seule<br \/>\net exclusive responsabilit\u00e9 de l\u2019UTILISATEUR, qui sera en tout cas responsable de tout dommage pouvant \u00eatre caus\u00e9 \u00e0 des tiers ou \u00e0 nous-m\u00eames. <\/p>\n<p>L\u2019UTILISATEUR est express\u00e9ment interdit d\u2019utiliser et d\u2019obtenir les services et contenus propos\u00e9s sur ce site, par des proc\u00e9dures autres que celles stipul\u00e9es dans ces conditions d\u2019utilisation et, le cas \u00e9ch\u00e9ant, par les conditions sp\u00e9cifiques qui r\u00e9gissent l\u2019acquisition de<br \/>\ncertains services.<\/p>\n<p>L\u2019UTILISATEUR est interdit de toute action sur notre portail qui provoque une surcharge excessive de fonctionnement de nos syst\u00e8mes informatiques, ainsi que l\u2019introduction de virus, l\u2019installation de<br \/>\nrobots ou de logiciels modifiant le fonctionnement normal de notre site web, ou pouvant finalement endommager nos syst\u00e8mes informatiques.<br \/>\nCompte tenu de la difficult\u00e9 de contr\u00f4le concernant les informations, contenus et services contenus sur les sites tiers disponibles sur notre site, nous vous informons que Club Huellas n\u2019en est<br \/>\npas responsable, sans pr\u00e9judice du fait qu\u2019il s\u2019efforcera, autant que possible, d\u2019en assurer la l\u00e9galit\u00e9.<\/p>\n<p>Alpino Club se r\u00e9serve le droit d\u2019annuler tout UTILISATEUR que l\u2019organisation comprend avoir enfreint les conditions d\u2019utilisation de notre site web. De m\u00eame, elle se r\u00e9serve le droit d\u2019exercer<br \/>\nles actions l\u00e9gales appropri\u00e9es contre ceux qui violent ces conditions g\u00e9n\u00e9rales d\u2019utilisation. <\/p>\n<h3>C. POLITIQUE DE CONFIDENTIALIT\u00c9<\/h3>\n<p>La confidentialit\u00e9 et la s\u00e9curit\u00e9 sont des valeurs fondamentales du Club Alpino et, par cons\u00e9quent, nous nous engageons \u00e0 garantir la confidentialit\u00e9 de l\u2019UTILISATEUR en permanence et \u00e0 ne pas collecter d\u2019informations<br \/>\n inutiles.<\/p>\n<p>La fourniture de donn\u00e9es personnelles via notre portail n\u00e9cessite un \u00e2ge minimum de 14 ans et l\u2019acceptation expresse de notre Politique de confidentialit\u00e9.<\/p>\n<h3>D. RESPONSABILIT\u00c9S<\/h3>\n<p>En mettant ce site \u00e0 disposition de l\u2019UTILISATEUR, nous souhaitons lui offrir un service de qualit\u00e9, en faisant preuve d\u2019une rigue extr\u00eame dans sa mise en \u0153uvre ainsi que dans les moyens technologiques utilis\u00e9s. Cependant, Alpino Club ne garantit pas que la disponibilit\u00e9 du service sera continue et ininterrompue, en raison de circonstances caus\u00e9es par des probl\u00e8mes du r\u00e9seau Internet, des pannes des appareils informatiques ou d\u2019autres circonstances impr\u00e9visibles, de sorte que l\u2019UTILISATEUR accepte de supporter ces circonstances dans<br \/>\ndes limites raisonnables. <\/p>\n<p>Ce site web, sauf r\u00e9glementation, lorsque cela est appropri\u00e9, par certaines conditions sp\u00e9cifiques d\u2019utilisation, est purement informatif et destin\u00e9 \u00e0 la pr\u00e9sentation corporative de nos produits et services, donc Alpino Club n\u2019est pas responsable des attentes de quelque nature que ce soit g\u00e9n\u00e9r\u00e9es par l\u2019UTILISATEUR<br \/>\n.<\/p>\n<p>Tout ce qui concerne notre site web est r\u00e9gi exclusivement par la loi espagnole. En cas de toute diff\u00e9rence ou indiff\u00e9rence entre les parties concernant l\u2019interpr\u00e9tation et le contenu de ce site web, toutes les parties se<br \/>\n soumettent aux tribunaux et tribunaux correspondants. <\/p>\n<h3>E. VALIDIT\u00c9 DES CONDITIONS G\u00c9N\u00c9RALES D\u2019ACC\u00c8S AU SITE WEB<\/h3>\n<p>Ces Conditions g\u00e9n\u00e9rales d\u2019utilisation ont \u00e9t\u00e9 modifi\u00e9es le 09\/12\/2024. Nous pouvons les modifier \u00e0 tout moment : veuillez v\u00e9rifier la date de publication \u00e0 chaque connexion sur notre site web et vous serez s\u00fbr qu\u2019aucune modification ne vous concerne. <\/p>\n<p>Pour toute question concernant les Conditions d\u2019utilisation de notre site web, vous pouvez nous contacter aux informations indiqu\u00e9es ci-dessus, ou aupr\u00e8s de Lant Abogados \u00e0 info@lant-abogados.com ou \u00e0 https:\/\/www.lant-abogados.com\/<br \/>\n .<\/p>\n","protected":false},"excerpt":{"rendered":"<p>Ce site web est la propri\u00e9t\u00e9 de Boi Serveis de Muntanya S.l. (ci-apr\u00e8s Alpino Club), avec NIF n\u00b0 B56265374 et adresse Calle Casa Mestre, 15 \u00e0 La Vall de Boi, L\u00e8rida 25528, et enregistr\u00e9 au recensement des activit\u00e9s \u00e9conomiques de l\u2019AEAT correspondant \u00e0 l\u2019exercice financier 2023 Activit\u00e9 n\u00ba 1 R\u00e9f\u00e9rence 894700301677.0 Groupe ou \u00e9pigraphe\/section IAE [&hellip;]<\/p>\n","protected":false},"author":1,"featured_media":0,"parent":0,"menu_order":0,"comment_status":"open","ping_status":"open","template":"","meta":{"_et_pb_use_builder":"","_et_pb_old_content":"","_et_gb_content_width":"","_mbp_gutenberg_autopost":false,"footnotes":""},"class_list":["post-226711","page","type-page","status-publish","hentry"],"_links":{"self":[{"href":"https:\/\/www.alpinoclub.com\/fr\/wp-json\/wp\/v2\/pages\/226711","targetHints":{"allow":["GET"]}}],"collection":[{"href":"https:\/\/www.alpinoclub.com\/fr\/wp-json\/wp\/v2\/pages"}],"about":[{"href":"https:\/\/www.alpinoclub.com\/fr\/wp-json\/wp\/v2\/types\/page"}],"author":[{"embeddable":true,"href":"https:\/\/www.alpinoclub.com\/fr\/wp-json\/wp\/v2\/users\/1"}],"replies":[{"embeddable":true,"href":"https:\/\/www.alpinoclub.com\/fr\/wp-json\/wp\/v2\/comments?post=226711"}],"version-history":[{"count":1,"href":"https:\/\/www.alpinoclub.com\/fr\/wp-json\/wp\/v2\/pages\/226711\/revisions"}],"predecessor-version":[{"id":226712,"href":"https:\/\/www.alpinoclub.com\/fr\/wp-json\/wp\/v2\/pages\/226711\/revisions\/226712"}],"wp:attachment":[{"href":"https:\/\/www.alpinoclub.com\/fr\/wp-json\/wp\/v2\/media?parent=226711"}],"curies":[{"name":"wp","href":"https:\/\/api.w.org\/{rel}","templated":true}]}}