{"id":225963,"date":"2024-09-16T21:54:59","date_gmt":"2024-09-16T21:54:59","guid":{"rendered":"https:\/\/www.alpinoclub.com\/condicions-de-les-paperetes\/"},"modified":"2025-12-26T23:43:28","modified_gmt":"2025-12-26T23:43:28","slug":"condicions-de-les-paperetes","status":"publish","type":"page","link":"https:\/\/www.alpinoclub.com\/ca\/condicions-de-les-paperetes\/","title":{"rendered":"Condicions de les paperetes"},"content":{"rendered":"<h2>1. Objecte<\/h2>\n<p>L&#8217;empresa BOI SERVEIS DE MUNTANYA S.L, amb CIF B56265374, Ag\u00e8ncia de Viatges Minorista amb Llic\u00e8ncia-T\u00edtol pertanyent a categoria d&#8217;ag\u00e8ncia On-line segons Activitat n\u00ba 1 Refer\u00e8ncia 894700301677.0 Grup o ep\u00edgraf\/secci\u00f3 IAE: 755 \u2013 AG\u00c8NCIES DE VIATGES domicili per a comunicacions per escrit al carrer Casa Mestre, 15, La Vall de Boi. Lleida C.P. 25528. <\/p>\n<p>Organitza una promoci\u00f3 d&#8217;\u00e0mbit privat i sense \u00e0nim de lucre (combinaci\u00f3 aleat\u00f2ria amb fi promocional), anomenada &#8220;Paperetes&#8221;. Aquesta promoci\u00f3 pot servir als seus clients per obtenir una forma de finan\u00e7ament dels seus viatges de grup. <\/p>\n<h2>2. Destinataris<\/h2>\n<p>Tots els clients que contractin els serveis de l&#8217; organitzador per a la realitzaci\u00f3 d&#8217; un viatge per a grup.<\/p>\n<h2>3. Durada i \u00c0mbit<\/h2>\n<p>La vig\u00e8ncia de la present promoci\u00f3 ser\u00e0 des del dia que s&#8217; inscriu directament a trav\u00e9s del nostre formulari, data coincident amb l&#8217; inici de la distribuci\u00f3 de les paperetes del sorteig, fins al dia del sorteig que fixar\u00e0 el n\u00fam. ~ ~ ~ de la papereta premiada.<\/p>\n<p>L&#8217; \u00e0mbit territorial de la promoci\u00f3 es correspon amb el territori del Regne d&#8217; Espanya. La participaci\u00f3 en la present promoci\u00f3 est\u00e0 oberta a tot usuari que compleixi les presents Bases i espec\u00edficament les Condicions de Participaci\u00f3 esmentades a la Base n\u00fam. <\/p>\n<p>L&#8217; organitzador es reserva el dret a evitar que sobre aquesta activitat promocional s&#8217; estableixin sistemes d&#8217; especulaci\u00f3 o de negocis. Amb aquesta finalitat, l&#8217; organitzador podr\u00e0 donar de baixa aquells que estiguin fent un mal \u00fas de la promoci\u00f3, realitzin actes fraudulents o que perjudiquin altres participants. <\/p>\n<h2>4. Condicions de Participaci\u00f3<\/h2>\n<p>Podran participar en la present activitat promocional totes aquelles persones f\u00edsiques de qualsevol nacionalitat que compleixin els seg\u00fcents requisits:<\/p>\n<ul>\n<li>A la data de celebraci\u00f3 del sorteig, ser majors d&#8217; edat, o menors d&#8217; edat que estiguessin complementats en la seva capacitat d&#8217; obrar pels seus pares, tutors o guardadors de fet.<\/li>\n<li>Tenir resid\u00e8ncia habitual al territori del Regne d&#8217; Espanya.<\/li>\n<li>Estar en possessi\u00f3 d&#8217; una de les paperetes d&#8217; aquesta activitat promocional v\u00e0lida distribu\u00efda a trav\u00e9s d&#8217; un dels inscrits al viatge de grup.<\/li>\n<\/ul>\n<p>Les paperetes es lliuraran a trav\u00e9s de la plataforma digital GOWHAP (<a href=\"https:\/\/www.gowhap.es\">www.gowhap.es<\/a>).<\/p>\n<p>En acceptar les paperetes en el proc\u00e9s d&#8217; inscripci\u00f3 vost\u00e8 tindr\u00e0 acc\u00e9s a la plataforma de GOWHAP directament des de la nostra aplicaci\u00f3 d&#8217; inscripcions i per tant tindr\u00e0 disponibles les paperetes que correspongui mitjan\u00e7ant el correu electr\u00f2nic facilitat pel viatger o tutor del mateix.<\/p>\n<p>Els viatgers o tutors podran realitzar la distribuci\u00f3 de les paperetes rebudes des de la mateixa plataforma (<a href=\"https:\/\/papeletas.gowhap.es\">https:\/\/papeletas.gowhap.es<\/a>) a ells mateixos, als seus familiars, ve\u00efns, amics o coneguts. Aquests \u00faltims, si ambdues parts ho troben convenient, podran fer un donatiu recomanat de 5 euros per papereta rebuda al viatger o tutor d&#8217; aquest per ajudar-lo a recaptar diners per al viatge. L&#8217; organitzador en cap cas obt\u00e9 benefici d&#8217; aquestes donacions als seus clients, en cas que es produ\u00efssin.  <\/p>\n<p>Cada papereta contindr\u00e0 una combinaci\u00f3 consistent en un o diversos n\u00fameros compresos entre el 00000 al 99999 i un n\u00famero de s\u00e8rie. Les paperetes seran v\u00e0lides llevat d&#8217; error tipogr\u00e0fic, i estaran subjectes a les presents bases legals de participaci\u00f3. Un participant podr\u00e0 prendre part en el sorteig tantes vegades com paperetes.  <\/p>\n<h2>5. Operativa del Sorteig Promocional i Descripci\u00f3 del Premi<\/h2>\n<p>Realitzem el sorteig per als viatges escolars de neu. El sorteig se celebrar\u00e0 amb la Loteria Nacional el dia 01 de Mar\u00e7 de 2026, mitjan\u00e7ant el sistema aleatori de sorteig escollint un guanyador entre els n\u00fameros de paperetes emesos de forma digital. <\/p>\n<p>El premi consistir\u00e0 en un viatge per a 2 persones, 5 dies i 4 nits en hotel zona Sanxenxo. Nom\u00e9s inclou estada en allotjament i esmorzar (temporada baixa). Premi bescanviable fins al 30\/04\/2026. Per gaudir-lo del 01 octubre fins al 30 de novembre del 2026, en temporada baixa de l&#8217;hotel, habitaci\u00f3 doble, quatre nits en r\u00e8gim d&#8217;allotjament i esmorzar.   <\/p>\n<p>Resultar\u00e0 premiat aquell participant que tingui la papereta el n\u00famero de la qual coincideixi amb les 5 \u00faltimes xifres del sorteig de Loteria Nacional celebrat el 28\/03\/2026.<\/p>\n<p>La persona que posseeixi aquesta papereta tindr\u00e0 fins al 30 d&#8217;Abril de 2026 per reclamar el premi i tindr\u00e0 un temps per gaudir-lo que ser\u00e0 del 01 octubre fins al 30 de novembre del 2026.<\/p>\n<p>Per reclamar-ho s&#8217; ha de posar en contacte amb l&#8217; organitzador a trav\u00e9s del n\u00famero de tel\u00e8fon 919996967 o del correu electr\u00f2nic <a href=\"mailto:administracion@alpinoclub.com\">administracion@alpinoclub.com<\/a>.<\/p>\n<p>Per verificar que la papereta \u00e9s v\u00e0lida, haur\u00e0 d&#8217; enviar el PDF rebut de la mateixa a l&#8217; adre\u00e7a de correu electr\u00f2nic <a href=\"mailto:administracion@alpinoclub.com\">administracion@alpinoclub.com<\/a> i l&#8217; organitzador comprovar\u00e0 a trav\u00e9s de la plataforma de GOWHAP que efectivament aquesta papereta ha estat distribu\u00efda al correu electr\u00f2nic o n\u00famero de m\u00f2bil de la persona que el reclama.<\/p>\n<p>Transcorregut el termini de fins al dia l&#8217;1 d&#8217;Abril de 2026 sense que el guanyador hagi reclamat el premi de la forma abans esmentada, o que la papereta presentada no revesteixi els requisits de validesa indicats a la base 4a, el premi corresponent no podr\u00e0 ser-li assignat ni a ell ni a qualsevol altre tercer,  quedant desert. Les paperetes que no resultin premiades quedaran sense efecte, i no donaran dret a cap reemborsament o compensaci\u00f3. Si la papereta premiada fos una de les paperetes sense distribuir, el premi quedar\u00e0 desert.  <\/p>\n<h2>6. Repercussi\u00f3 Fiscal<\/h2>\n<p>El premi objecte d&#8217; aquesta promoci\u00f3 estar\u00e0 subjecte a la normativa fiscal en vigor aplicable en cada moment i a les seves disposicions de desenvolupament. Aquesta normativa aplicable podria subjectar a tributaci\u00f3 l&#8217; esmentat premi, depenent de la resid\u00e8ncia del premiat i el valor del premi, essent en tot cas el cost fiscal assumit \u00edntegrament pel guanyador premiat, aix\u00ed com les obligacions tribut\u00e0ries que se&#8217; n derivin. L&#8217; organitzador podr\u00e0, com a requisit imprescindible al lliurament del premi, exigir al guanyador el seu DNI o document d&#8217; identitat fiscal v\u00e0lid i l&#8217; abonament de les retencions que resultin d&#8217; aplicaci\u00f3. Correspondr\u00e0 al premiat el compliment de les eventuals obligacions fiscals per ra\u00f3 del premi rebut.   <\/p>\n<h2>7. Fur Aplicable<\/h2>\n<p>Per al coneixement de qualsevol litigi que pogu\u00e9s plantejar-se quant a la interpretaci\u00f3 o aplicaci\u00f3 de les presents bases, tant l&#8217; organitzador com els participants d&#8217; aquesta promoci\u00f3 se sotmeten expressament a la jurisdicci\u00f3 i compet\u00e8ncia dels Jutjats i Tribunals de Lleida amb ren\u00fancia expressa a qualsevol altre fur propi, que pogu\u00e9s correspondre, aix\u00f2 ent\u00e8s sense perjudici de l&#8217; aplicaci\u00f3 del disposat amb car\u00e0cter imperatiu en la normativa de consumidors i usuaris.<\/p>\n<p>&nbsp;<\/p>\n<p>&nbsp;<\/p>\n<p>&nbsp;<\/p>\n","protected":false},"excerpt":{"rendered":"<p>1. Objecte L&#8217;empresa BOI SERVEIS DE MUNTANYA S.L, amb CIF B56265374, Ag\u00e8ncia de Viatges Minorista amb Llic\u00e8ncia-T\u00edtol pertanyent a categoria d&#8217;ag\u00e8ncia On-line segons Activitat n\u00ba 1 Refer\u00e8ncia 894700301677.0 Grup o ep\u00edgraf\/secci\u00f3 IAE: 755 \u2013 AG\u00c8NCIES DE VIATGES domicili per a comunicacions per escrit al carrer Casa Mestre, 15, La Vall de Boi. Lleida C.P. 25528. [&hellip;]<\/p>\n","protected":false},"author":1,"featured_media":0,"parent":0,"menu_order":0,"comment_status":"open","ping_status":"open","template":"","meta":{"_et_pb_use_builder":"","_et_pb_old_content":"","_et_gb_content_width":"","_mbp_gutenberg_autopost":false,"footnotes":""},"class_list":["post-225963","page","type-page","status-publish","hentry"],"_links":{"self":[{"href":"https:\/\/www.alpinoclub.com\/ca\/wp-json\/wp\/v2\/pages\/225963","targetHints":{"allow":["GET"]}}],"collection":[{"href":"https:\/\/www.alpinoclub.com\/ca\/wp-json\/wp\/v2\/pages"}],"about":[{"href":"https:\/\/www.alpinoclub.com\/ca\/wp-json\/wp\/v2\/types\/page"}],"author":[{"embeddable":true,"href":"https:\/\/www.alpinoclub.com\/ca\/wp-json\/wp\/v2\/users\/1"}],"replies":[{"embeddable":true,"href":"https:\/\/www.alpinoclub.com\/ca\/wp-json\/wp\/v2\/comments?post=225963"}],"version-history":[{"count":2,"href":"https:\/\/www.alpinoclub.com\/ca\/wp-json\/wp\/v2\/pages\/225963\/revisions"}],"predecessor-version":[{"id":226986,"href":"https:\/\/www.alpinoclub.com\/ca\/wp-json\/wp\/v2\/pages\/225963\/revisions\/226986"}],"wp:attachment":[{"href":"https:\/\/www.alpinoclub.com\/ca\/wp-json\/wp\/v2\/media?parent=225963"}],"curies":[{"name":"wp","href":"https:\/\/api.w.org\/{rel}","templated":true}]}}