{"id":225954,"date":"2024-08-26T20:46:58","date_gmt":"2024-08-26T20:46:58","guid":{"rendered":"https:\/\/www.alpinoclub.com\/condicionat-de-bitllets-aeris\/"},"modified":"2025-12-26T23:43:52","modified_gmt":"2025-12-26T23:43:52","slug":"condicionat-de-bitllets-aeris","status":"publish","type":"page","link":"https:\/\/www.alpinoclub.com\/ca\/condicionat-de-bitllets-aeris\/","title":{"rendered":"Condicionat de bitllets aeris"},"content":{"rendered":"<p><b>BITLLETS AERIS<\/b><\/p>\n<p>BOI SERVEIS DE MUNTANYA S.L, en qualitat d&#8217;Organitzador i Detallista, amb CIF B56265374, Ag\u00e8ncia de Viatges pertanyent a categoria d&#8217;ag\u00e8ncia On-line segons Activitat n\u00ba <b>1 <\/b>Refer\u00e8ncia <b>894700301677.0 <\/b>Grup o ep\u00edgraf\/secci\u00f3 IAE: <b>755 &#8211; AG\u00c8NCIES DE VIATGES <\/b>domicili per a comunicacions per escrit al carrer Casa Mestre, 15 , La Vall de Boi. Lleida C.P. 25528. <\/p>\n<p>I el client en qualitat de Contractant Principal, amb domicili per a comunicacions i prove\u00eft de N.I.F o Passaport, que actua a m\u00e9s com a representant legal del menor al qual s&#8217;assignar\u00e0 un localitzador del viatge combinat organitzat per a l&#8217;entitat o col\u00b7lectiu a la qual pertany i que a m\u00e9s \u00e9s representat per un mandatari verbal especial per a aquest acte,  segons assegura i en representaci\u00f3 de cadascun dels passatgers. Per tant, en aquest mateix contracte s&#8217; autoritza la representaci\u00f3 del Contractant Principal que autoritza la seva representaci\u00f3. <\/p>\n<p><b>DECLAREN:<\/b><\/p>\n<p><b>PRIMER: <\/b>Que el passatger ha comprat uns bitllets aeris per un import que especifica el fullet oferta, m\u00e9s les despeses de gesti\u00f3-emissi\u00f3.<\/p>\n<p>Que l&#8217;ag\u00e8ncia de viatges Boi Serveis de Muntanya, S.L ha facilitat i lliurat al client\/passatger el bitllet aeri juntament amb tota la informaci\u00f3 relativa al bitllet aeri contractat:<\/p>\n<ul>\n<li aria-level=\"1\">Itinerari: Origen i destinaci\u00f3<\/li>\n<li aria-level=\"1\">Escales en el cas de l&#8217; existeixin,<\/li>\n<li aria-level=\"1\">Concreci\u00f3 de terminals,<\/li>\n<li aria-level=\"1\">Companyies a\u00e8ries que els operen,<\/li>\n<li aria-level=\"1\">Horaris de sortida i arribades,<\/li>\n<li aria-level=\"1\">Nombre de vol,<\/li>\n<li aria-level=\"1\">Equipatge perm\u00e8s en cabina i en celler<\/li>\n<li aria-level=\"1\">Condicions de la tarifa contractada,<\/li>\n<li aria-level=\"1\">Totes les dades del bitllet contractat.<\/li>\n<\/ul>\n<p><b>SEGON: <\/b>Presentaci\u00f3 i Embarcament: Es recomana al passatger presentar-se a l&#8217; aeroport 3 hores abans de la sortida del seu vol.<\/p>\n<p>(L&#8217;\u00abhora l\u00edmit d&#8217;acceptaci\u00f3 del vol\u00bb \u00e9s el temps m\u00ednim d&#8217;antelaci\u00f3 a l&#8217;hora programada de sortida, en qu\u00e8 el passatger ha d&#8217;haver estat adm\u00e8s al vol, tenir facturat el seu equipatge i estar en possessi\u00f3 de la targeta d&#8217;embarcament. Les companyies a\u00e8ries no incorren en cap responsabilitat per la no acceptaci\u00f3 del passatger quan aquest es presenti als taulells de facturaci\u00f3 passada l&#8217; hora l\u00edmit d&#8217; acceptaci\u00f3 del vol. <\/p>\n<p>El passatger haur\u00e0 de presentar-se als taulells de facturaci\u00f3 amb l&#8217;antelaci\u00f3 indicada pr\u00e8viament per escrit (inclusiu per mitjans electr\u00f2nics) pel transportista aeri, l&#8217;operador tur\u00edstic o un agent de viatges autoritzat, i en el cas de no haver-hi cap indicaci\u00f3, almenys 45 minuts abans de l&#8217;hora de sortida anunciada del vol. Algunes companyies a\u00e8ries poden establir altres l\u00edmits, per la qual cosa \u00e9s important que s&#8217; informi amb antelaci\u00f3 suficient. Els vols a determinades destinacions internacionals requereixen una antelaci\u00f3 superior de presentaci\u00f3 a l&#8217; embarcament a causa de majors mesures de seguretat. Consulteu amb la seva companyia).   <\/p>\n<p><b>TERCER<\/b>: \u00c9s responsabilitat del passatger de complir de totes les normes i estar en possessi\u00f3 de tots els documents necessaris per volar, i per tant \u00e9s el responsable de la seva tramitaci\u00f3.<\/p>\n<p>Els passatgers s\u00f3n responsables de:<\/p>\n<ul>\n<li aria-level=\"1\">Estar en possessi\u00f3 de tota la documentaci\u00f3 personal obligat\u00f2ria per volar, aix\u00ed com que est\u00e0 es trobi en vigor o amb la vig\u00e8ncia necess\u00e0ria exigida pel lloc de destinaci\u00f3 (passaports, DNI, etc). Tingui en compte la necessitat de portar la seva documentaci\u00f3 oficial d&#8217; identitat adequada per al viatge que vagi a realitzar. El D.N.I. en els vols nacionals i comunitaris i el passaport per a altres vols internacionals. En determinats pa\u00efsos exigeixen la presentaci\u00f3 d&#8217; altres documents per entrar en el seu territori, com ara visat i certificats de sanitat.   <\/li>\n<li aria-level=\"1\">Estar en possessi\u00f3 dels visats corresponents per a l&#8217; entrada al pa\u00eds de destinaci\u00f3.<\/li>\n<li aria-level=\"1\">Complir amb les mesures de seguretat que companyies a\u00e8ries i aeroports exigeixen.<\/li>\n<li aria-level=\"1\">Tenir posades les vacunes necess\u00e0ries per a l&#8217; entrada als pa\u00efsos que aix\u00ed ho exigeixin.<\/li>\n<li aria-level=\"1\">Complir amb els protocols de seguretat sanit\u00e0ria davant Covid 19 i de portar les an\u00e0lisis i proves necess\u00e0ries per viatjar als pa\u00efsos de destinaci\u00f3 que aix\u00ed ho exigeixin per a l&#8217;entrada als mateixos.<\/li>\n<li aria-level=\"1\">Estar en possessi\u00f3 de qualsevol document necessari per a l&#8217; entrada al pa\u00eds de destinaci\u00f3.<\/li>\n<\/ul>\n<p>&nbsp;<\/p>\n<p><b>QUART: <\/b>D&#8217;acord amb la normativa vigent a Espanya (Reial Decret 1638\/1996, de 7 de juliol) la sortida del territori nacional de moneda met\u00e0l\u00b7lica, bitllets de banc i xecs bancaris al portador \u00e9s lliure, havent, no obstant aix\u00f2, fer declaraci\u00f3 quan el seu import sigui superior a 6.010,12 euros per persona i viatge.<\/p>\n<p><b>CINQU\u00c8: <\/b>Els drets dels passatgers de transport aeri es recullen en el Reglament (CE) 261\/2004 pel qual s&#8217;estableixen normes comunes sobre compensaci\u00f3 i assist\u00e8ncia als passatgers aeris en cas de denegaci\u00f3 d&#8217;embarcament i de cancel\u00b7laci\u00f3 o gran retard dels vols, i pel Conveni de Mont-real i Conveni de Vars\u00f2via.<\/p>\n<p><b>En cas de cancel\u00b7laci\u00f3 del vol contractat, \u00e9s la companyia a\u00e8ria la responsable de reemborsar l&#8217;import del bitllet<\/b>, aix\u00ed com de procedir a la indemnitzaci\u00f3 en el cas que aix\u00ed es tingui dret. L&#8217;ag\u00e8ncia de viatges \u00e9s un agent intermediari no responsable d&#8217;aquests fets. <\/p>\n<p><b>L&#8217;ag\u00e8ncia de viatges no reemborsar\u00e0 cap bitllet cancel\u00b7lat fins que la companyia a\u00e8ria no hagi fet la devoluci\u00f3 de l&#8217;import, ja que la responsabilitat \u00e9s de companyia a\u00e8ria <\/b>d&#8217;acord amb el Reglament (CE) 261\/2004<b>.<\/b><\/p>\n<p><b>Les despeses de gesti\u00f3-emissi\u00f3 dels bitllets aeris, en cap cas s\u00f3n reemborsables ja que no s\u00f3n part de l&#8217; import del bitllet.<\/b><\/p>\n<p><b>SIS\u00c8: El passatger ha estat informat de la possibilitat de subscriure un contracte d&#8217;asseguran\u00e7a<\/b> que cobreixi les despeses de cancel\u00b7laci\u00f3 o anul\u00b7laci\u00f3 pel consumidor i un contracte d&#8217;assist\u00e8ncia que cobreixi les despeses de repatriaci\u00f3 o trasllat al lloc d&#8217;origen, en cas d&#8217;accident, malaltia o mort, incloent la cobertura per COVID 19,  essent la seva resposta:<\/p>\n<p>En cas de quarantena que faci impossible el despla\u00e7ament del passatger a l&#8217;aeroport de sortida, quarantena al lloc de destinaci\u00f3, o qualssevol circumst\u00e0ncies que facin impossible acudir a l&#8217;aeroport a l&#8217;hora i data indicat, <b>l&#8217;ag\u00e8ncia de viatges NO \u00c9S RESPONSABLE d&#8217;aquests fets<\/b>, oferint al passatger una asseguran\u00e7a que cobreixi aquest tipus de circumst\u00e0ncies,  d&#8217; acord amb el que estableix el par\u00e0graf anterior.<\/p>\n<p><b>Els passatgers que hagin subscrit l&#8217;asseguran\u00e7a de viatge, i en el sup\u00f2sit de qualsevol sinistre, hauran de tramitar aquest sinistre directament amb la companyia asseguradora,ja<\/b> que es demana documentaci\u00f3 personal per part de la companyia asseguradora (informes m\u00e8dics, dades personals, etc) que l&#8217;ag\u00e8ncia no est\u00e0 autoritzada al seu coneixement.<\/p>\n<p><b>SET\u00c8: REQUISITS ENTRADA A ESPANYA PER CONTROL DE LA PAND\u00c8MIA PER COVID19:<\/b>D&#8217;acord amb la Resoluci\u00f3 d&#8217;11 de novembre de 2020, de la Direcci\u00f3 General de Salut P\u00fablica relativa als controls sanitaris a realitzar en els punts d&#8217;entrada a Espanya, <b>S&#8217;AVISA i INFORMA<\/b> els passatgers de l&#8217;obligaci\u00f3 de presentar el FORMULARI DE CONTROL SANITARI al port o aeroport d&#8217;origen amb destinaci\u00f3 a Espanya i al port o aeroport d&#8217;entrada a Espanya. Aquest &#8220;Formulari de Control Sanitari&#8221; podran emplenar-lo a trav\u00e9s de la web www,spth.gob.es o a trav\u00e9s de l&#8217;aplicaci\u00f3 &#8220;Spain Travel Health-SpTH. <\/p>\n<p>A m\u00e9s, si els passatgers provenen d&#8217;un pa\u00eds o zona catalogada com a zona de reg pel govern d&#8217;Espanya, els passatgers estan obligats a presentar una PROVA DIAGNOSTICA D&#8217;INFECCI\u00d3 ACTIVA (PDIA) per a SARS-CoV-2 amb resultat negatiu, realitzada dins de les 72 hores pr\u00e8vies a l&#8217;arribada o retorn a Espanya. <b>L&#8217;\u00fanica prova admesa per a l&#8217;entrada a Espanya \u00e9s l&#8217;anomenada PCR (RT. PCR de COVID19)<\/b> no sent admeses altres proves diagn\u00f2stiques com ara test r\u00e0pids d&#8217; anticossos, de detecci\u00f3 d&#8217; ant\u00edgens o serologies d&#8217; alt rendiment.<\/p>\n<p>El llistat de pa\u00efsos o zones de risc establert pel govern d&#8217;Espanya \u00e9s revisat cada 15 dies i la seva actualitzaci\u00f3 \u00e9s publicada a la p\u00e0gina web del Ministeri de Sanitat: <a href=\"https:\/\/www.msbs.gob.es\/\">https:\/\/www.msbs.gob.es\/<\/a> i a la web SpTH: <a href=\"https:\/\/www.spth.gob.es\/\">https:\/\/www.spth.gob.es<\/a>. Les revisions del llistat de pa\u00efsos o zones de risc es faran efectiva als set dies de la seva publicaci\u00f3 per part del Ministeri de Sanitat. <\/p>\n<p>At\u00e8s que les revisions del llistat de pa\u00efsos o zones de risc el govern d&#8217;Espanya les realitza cada 15 dies, s&#8217;avisa els passatgers, que tot i que al pa\u00eds al qual es viatja no estigui incl\u00f2s en el llistat de pa\u00efsos o zones de risc en el moment de la compra del bitllet aeri,  pot ser que en el futur o en el moment de la realitzaci\u00f3 mateix pugui estar-ho, per la qual cosa s&#8217; informa dels requisits d&#8217; entrada a Espanya, d&#8217; acord amb els apartats anteriors, en el sup\u00f2sit que a la data de retorn pugui estar incl\u00f2s el pa\u00eds o zona d&#8217; origen en el llistat de pa\u00efsos o zones de risc catalogats pel govern d&#8217; Espanya.<\/p>\n","protected":false},"excerpt":{"rendered":"<p>BITLLETS AERIS BOI SERVEIS DE MUNTANYA S.L, en qualitat d&#8217;Organitzador i Detallista, amb CIF B56265374, Ag\u00e8ncia de Viatges pertanyent a categoria d&#8217;ag\u00e8ncia On-line segons Activitat n\u00ba 1 Refer\u00e8ncia 894700301677.0 Grup o ep\u00edgraf\/secci\u00f3 IAE: 755 &#8211; AG\u00c8NCIES DE VIATGES domicili per a comunicacions per escrit al carrer Casa Mestre, 15 , La Vall de Boi. Lleida [&hellip;]<\/p>\n","protected":false},"author":1,"featured_media":0,"parent":0,"menu_order":0,"comment_status":"open","ping_status":"open","template":"","meta":{"_et_pb_use_builder":"","_et_pb_old_content":"","_et_gb_content_width":"","_mbp_gutenberg_autopost":false,"footnotes":""},"class_list":["post-225954","page","type-page","status-publish","hentry"],"_links":{"self":[{"href":"https:\/\/www.alpinoclub.com\/ca\/wp-json\/wp\/v2\/pages\/225954","targetHints":{"allow":["GET"]}}],"collection":[{"href":"https:\/\/www.alpinoclub.com\/ca\/wp-json\/wp\/v2\/pages"}],"about":[{"href":"https:\/\/www.alpinoclub.com\/ca\/wp-json\/wp\/v2\/types\/page"}],"author":[{"embeddable":true,"href":"https:\/\/www.alpinoclub.com\/ca\/wp-json\/wp\/v2\/users\/1"}],"replies":[{"embeddable":true,"href":"https:\/\/www.alpinoclub.com\/ca\/wp-json\/wp\/v2\/comments?post=225954"}],"version-history":[{"count":2,"href":"https:\/\/www.alpinoclub.com\/ca\/wp-json\/wp\/v2\/pages\/225954\/revisions"}],"predecessor-version":[{"id":227001,"href":"https:\/\/www.alpinoclub.com\/ca\/wp-json\/wp\/v2\/pages\/225954\/revisions\/227001"}],"wp:attachment":[{"href":"https:\/\/www.alpinoclub.com\/ca\/wp-json\/wp\/v2\/media?parent=225954"}],"curies":[{"name":"wp","href":"https:\/\/api.w.org\/{rel}","templated":true}]}}