{"id":225952,"date":"2024-08-26T20:44:31","date_gmt":"2024-08-26T20:44:31","guid":{"rendered":"https:\/\/www.alpinoclub.com\/precontracte-viatge-combinat\/"},"modified":"2025-12-26T23:43:37","modified_gmt":"2025-12-26T23:43:37","slug":"precontracte-viatge-combinat","status":"publish","type":"page","link":"https:\/\/www.alpinoclub.com\/ca\/precontracte-viatge-combinat\/","title":{"rendered":"Precontracte viatge combinat"},"content":{"rendered":"<p>La combinaci\u00f3 de serveis de viatge que se li ofereix \u00e9s un viatge combinat en el sentit de la Directiva (UE) 2015\/2302.<\/p>\n<p>Per tant, vost\u00e8 gaudir\u00e0 de tots els drets que s&#8217;apliquen en el marc de la UE als viatges combinats. L&#8217; empresa Boi Serveis de Muntanya, S.L. juntament amb els prove\u00efdors contractats, seran plenament responsables de la correcta execuci\u00f3 del viatge combinat en el seu conjunt. <\/p>\n<p>A m\u00e9s, com exigeix la legislaci\u00f3, l&#8217;empresa Boi Serveis de Muntanya , S.L est\u00e0 coberta per una garantia per reemborsar-li els pagaments realitzats i, si el transport est\u00e0 incl\u00f2s en el viatge, assegurar la seva repatriaci\u00f3 en cas que incorri en insolv\u00e8ncia.<\/p>\n<p>D&#8217;acord amb la Directiva (UE) 2015\/2302 els seus drets s\u00f3n:<\/p>\n<ol>\n<li aria-level=\"1\">Les Condicions del Contracte de Viatges Combinat inherent al viatge ofert s\u00f3n les reflectides en el propi Contracte de Viatge Combinat adjunt al present document.<\/li>\n<li aria-level=\"1\">En cas d&#8217;emerg\u00e8ncia el tel\u00e8fon de contacte de l&#8217;organitzador \u00e9s 689347243 a la seg\u00fcent adre\u00e7a Carrer Casa Mestre 15, la Vall de Boi, Lleida.<\/li>\n<li aria-level=\"1\">El preu del viatge combinat nom\u00e9s es podr\u00e0 augmentar si es produeixen despeses espec\u00edfiques (per exemple, en els preus de combustible) i est\u00e0 expressament estipulat en el contracte, i en cap cas en els \u00faltims vint dies anteriors a l&#8217;inici del viatge combinat. Si l&#8217;augment de preu excedeix del 8 % del preu del viatge combinat, el viatger podr\u00e0 posar fi al contracte. Si l&#8217; organitzador es reserva el dret d&#8217; augmentar el preu, el viatger tindr\u00e0 dret a una reducci\u00f3 del preu si disminueixen les despeses corresponents.  <\/li>\n<li aria-level=\"1\">Els viatgers podran posar fi al contracte sense pagar cap penalitzaci\u00f3 i obtenir el reemborsament complet de tots els pagaments realitzats si es modifica significativament algun dels elements essencials del viatge combinat que no sigui el preu. Si l&#8217; empresari responsable del viatge combinat el cancel\u00b7la abans del seu inici, els viatgers tindran dret al reemborsament dels pagaments realitzats i, quan escaigui, a una indemnitzaci\u00f3. <\/li>\n<li aria-level=\"1\">En circumst\u00e0ncies excepcionals, per exemple, en cas que en el lloc de destinaci\u00f3 hi hagi greus problemes de seguretat que puguin afectar el viatge combinat, els viatgers podran posar fi al contracte abans de l&#8217; inici del viatge combinat sense pagar cap penalitzaci\u00f3.<\/li>\n<li aria-level=\"1\">A m\u00e9s, els viatgers podran posar fi al contracte en qualsevol moment abans de l&#8217; inici del viatge combinat mitjan\u00e7ant el pagament d&#8217; una penalitzaci\u00f3 per acabament que sigui adequada i justificable d&#8217; acord amb la informaci\u00f3 donada en el punt 1.<\/li>\n<li aria-level=\"1\">Si, despr\u00e9s de l&#8217; inici del viatge combinat, no es poden prestar elements significatius d&#8217; aquest, s&#8217; hauran d&#8217; oferir al viatger f\u00f3rmules alternatives adequades, sense cost addicional. Els viatgers podran posar fi al contracte sense pagar cap penalitzaci\u00f3 en cas de no execuci\u00f3 dels serveis quan aix\u00f2 afecti substancialment l&#8217; execuci\u00f3 del viatge combinat i l&#8217; organitzador no aconsegueixi solucionar el problema. <\/li>\n<li aria-level=\"1\">Els viatgers tamb\u00e9 tindran dret a una reducci\u00f3 del preu i\/o a una indemnitzaci\u00f3 per danys i perjudicis en cas de no execuci\u00f3 o execuci\u00f3 incorrecta dels serveis de viatge.<\/li>\n<li aria-level=\"1\">Els viatgers podran cedir el viatge combinat a una altra persona, amb un preav\u00eds raonable i en el seu cas amb subjecci\u00f3 al pagament de despeses addicionals.<\/li>\n<li aria-level=\"1\">L&#8217; organitzador haur\u00e0 de proporcionar assist\u00e8ncia al viatger en cas que aquest es trobi en dificultats.<\/li>\n<li aria-level=\"1\">Els organitzadors i minorista d&#8217; acord amb l&#8217; art. ~ ~ ~ 164 i 165 del RD. Leg 1\/2007 de la Llei de Consumidors i Usuaris modificat pel RDL 23\/2018 de 21 de desembre, compleixen amb l&#8217;obligaci\u00f3 de garantia enfront dels viatgers.<\/li>\n<\/ol>\n","protected":false},"excerpt":{"rendered":"<p>La combinaci\u00f3 de serveis de viatge que se li ofereix \u00e9s un viatge combinat en el sentit de la Directiva (UE) 2015\/2302. Per tant, vost\u00e8 gaudir\u00e0 de tots els drets que s&#8217;apliquen en el marc de la UE als viatges combinats. L&#8217; empresa Boi Serveis de Muntanya, S.L. juntament amb els prove\u00efdors contractats, seran plenament [&hellip;]<\/p>\n","protected":false},"author":1,"featured_media":0,"parent":0,"menu_order":0,"comment_status":"open","ping_status":"open","template":"","meta":{"_et_pb_use_builder":"","_et_pb_old_content":"","_et_gb_content_width":"","_mbp_gutenberg_autopost":false,"footnotes":""},"class_list":["post-225952","page","type-page","status-publish","hentry"],"_links":{"self":[{"href":"https:\/\/www.alpinoclub.com\/ca\/wp-json\/wp\/v2\/pages\/225952","targetHints":{"allow":["GET"]}}],"collection":[{"href":"https:\/\/www.alpinoclub.com\/ca\/wp-json\/wp\/v2\/pages"}],"about":[{"href":"https:\/\/www.alpinoclub.com\/ca\/wp-json\/wp\/v2\/types\/page"}],"author":[{"embeddable":true,"href":"https:\/\/www.alpinoclub.com\/ca\/wp-json\/wp\/v2\/users\/1"}],"replies":[{"embeddable":true,"href":"https:\/\/www.alpinoclub.com\/ca\/wp-json\/wp\/v2\/comments?post=225952"}],"version-history":[{"count":1,"href":"https:\/\/www.alpinoclub.com\/ca\/wp-json\/wp\/v2\/pages\/225952\/revisions"}],"predecessor-version":[{"id":226843,"href":"https:\/\/www.alpinoclub.com\/ca\/wp-json\/wp\/v2\/pages\/225952\/revisions\/226843"}],"wp:attachment":[{"href":"https:\/\/www.alpinoclub.com\/ca\/wp-json\/wp\/v2\/media?parent=225952"}],"curies":[{"name":"wp","href":"https:\/\/api.w.org\/{rel}","templated":true}]}}