{"id":225943,"date":"2024-07-29T21:59:10","date_gmt":"2024-07-29T21:59:10","guid":{"rendered":"https:\/\/www.alpinoclub.com\/politica-de-privacitat\/"},"modified":"2025-12-26T23:43:45","modified_gmt":"2025-12-26T23:43:45","slug":"politica-de-privacitat","status":"publish","type":"page","link":"https:\/\/www.alpinoclub.com\/ca\/politica-de-privacitat\/","title":{"rendered":"Pol\u00edtica de privacitat"},"content":{"rendered":"<p>La confidencialitat i la seguretat s\u00f3n valors primordials d&#8217;Alp\u00ed Club i, en conseq\u00fc\u00e8ncia, assumim el comprom\u00eds de garantir la privacitat de l&#8217;Usuari en tot moment i de no recaptar informaci\u00f3 innecess\u00e0ria. A continuaci\u00f3, li proporcionem tota la informaci\u00f3 necess\u00e0ria sobre la nostra Pol\u00edtica de Privacitat en relaci\u00f3 amb les dades personals que recaiem, explicant-li: <\/p>\n<ul>\n<li>Qui \u00e9s el responsable del tractament de les seves dades.<\/li>\n<li>Per a quines finalitats reprem les dades que li demanem.<\/li>\n<li>Quina \u00e9s la legitimaci\u00f3 per al seu tractament.<\/li>\n<li>Durant quant temps els conservem.<\/li>\n<li>A quins destinataris es comuniquen les seves dades.<\/li>\n<li>Quins s\u00f3n els seus drets.<\/li>\n<\/ul>\n<p><strong>1. Responsable:<\/strong><\/p>\n<p>Boi Serveis de Muntanya, S.L. (B56265374)<br \/>\nCarrer Casa Mestre, 15,La<br \/>\n Vall de Boi, 25528, Boi ( L\u00e8rida)<br \/>\ncomercial@alpinoclub.com<\/p>\n<p>2. <strong>Finalitats, legitimaci\u00f3 i conservaci\u00f3 dels tractaments de <\/strong><strong>les dades enviades a trav\u00e9s de:<\/strong><\/p>\n<p>FORMULARI DE CONTACTE\/SOL\u00b7LICITAR PRESSUPOST.<\/p>\n<p><strong>Finalitat<\/strong>: Facilitar-li un mitj\u00e0 perqu\u00e8 pugui posar-se en contacte amb nosaltres i contestar a les seves sol.licituds d&#8217; informaci\u00f3, aix\u00ed com enviar-li comunicacions dels nostres productes, serveis i activitats, inclusivament per mitjans electr\u00f2nics, si marca la casella d&#8217; acceptaci\u00f3.<br \/>\n<strong>Legitimaci\u00f3<\/strong>: El consentiment de l&#8217;usuari en sol\u00b7licitar-nos informaci\u00f3 a trav\u00e9s del nostre formulari de contacte i en marcar la casella d&#8217;acceptaci\u00f3 d&#8217;enviament d&#8217;informaci\u00f3.<br \/>\n<strong>Conservaci\u00f3<\/strong>: Fins a una vegada resolta la seva sol\u00b7licitud per mitj\u00e0 del nostre formulari o contestada per correu electr\u00f2nic, si no ha generat un nou tractament. En cas d&#8217; haver acceptat rebre trameses comercials, fins que en demani la baixa.<br \/>\nTRAMESA DE CORREUS ELECTR\u00d2NICS.<br \/>\n<strong>Finalitat<\/strong>: Contestar a les seves sol.licituds d&#8217; informaci\u00f3, atendre les seves peticions i respondre les seves consultes o dubtes.<br \/>\n<strong>Legitimaci\u00f3<\/strong>: El consentiment de l&#8217;usuari en sol\u00b7licitar-nos informaci\u00f3 a trav\u00e9s de l&#8217;adre\u00e7a de correu electr\u00f2nic.<br \/>\n<strong>Conservaci\u00f3<\/strong>: Fins a un cop contestada la seva petici\u00f3 per correu electr\u00f2nic, si no ha generat un nou tractament.<br \/>\nENVIAMENT DEL CURR\u00cdCULUM VITAE PER CORREU ELECTR\u00d2NIC.<br \/>\n<strong>Finalitat<\/strong>: Disposar del seu curr\u00edculum per participar en els nostres processos de selecci\u00f3 de personal.<\/p>\n<p><strong>Legitimaci\u00f3<\/strong>: El consentiment de l&#8217; usuari en remetre&#8217; ns la seva informaci\u00f3 personal i curr\u00edculum per als nostres processos de selecci\u00f3 de personal.<br \/>\n<strong>Conservaci\u00f3<\/strong>: Durant el desenvolupament dels processos de selecci\u00f3 de personal oberts i durant 1 any per a futurs processos.<\/p>\n<p><strong>Obligaci\u00f3 de facilitar-nos les seves dades personals i conseq\u00fc\u00e8ncies de no fer-ho.<\/strong><br \/>\nEl subministrament de dades personals requereix una edat m\u00ednima de 14 anys, o si s&#8217; escau, disposar de capacitat jur\u00eddica suficient per contractar.<br \/>\nLes dades personals sol\u00b7licitades s\u00f3n necess\u00e0ries per gestionar les seves sol\u00b7licituds i\/o prestar-li els serveis que pugui contractar, per la qual cosa, si no ens els facilita, no podrem atendre-li correctament ni prestar-li el servei que ha sol\u00b7licitat.<br \/>\n3.<strong> Destinataris de les seves dades<\/strong><br \/>\nLes seves dades s\u00f3n confidencials i no se cediran a tercers, llevat que hi hagi obligaci\u00f3 legal. En el sup\u00f2sit de registrar-se, ingressar\u00e0 en la web https:\/\/xiolia.alpinoclub.com\/ de la qual som titulars, i en la qual podr\u00e0 visualitzar una Pol\u00edtica de Privacitat referent als tractaments de dades que realitzen en aquesta i els possibles destinataris de les seues dades en els sup\u00f2sits de contractar un viatge.<br \/>\n4. <strong>Drets en relaci\u00f3 amb les seves dades personals<\/strong><br \/>\nQualsevol persona pot retirar el seu consentiment en qualsevol moment, quan aquest s&#8217;hagi atorgat per al tractament de les seves dades. En cap cas, la retirada d&#8217; aquest consentiment condiciona l&#8217; execuci\u00f3 del contracte de subscripci\u00f3 o les relacions generades amb anterioritat.  <\/p>\n<p>Igualment, pot exercir els drets seg\u00fcents:<\/p>\n<p>&#8211; Demanar l&#8217; acc\u00e9s a les seves dades personals o la seva rectificaci\u00f3 quan siguin inexactes.<br \/>\n&#8211; Sol\u00b7licitar la seva supressi\u00f3 quan, entre altres motius, les dades ja no siguin necess\u00e0ries per<br \/>\na les finalitats per a les quals van ser recollides.<br \/>\n&#8211; Demanar la limitaci\u00f3 del seu tractament en determinades circumst\u00e0ncies.<br \/>\n&#8211; Sol\u00b7licitar l&#8217;oposici\u00f3 al tractament de les seves dades per motius relacionats amb la seva<br \/>\nsituaci\u00f3 particular.<br \/>\n&#8211; Demanar la portabilitat de les dades en els casos previstos en la normativa.<br \/>\n&#8211; Altres drets reconeguts en les normatives aplicables.<\/p>\n<p>On i com sol\u00b7licitar els seus Drets: Mitjan\u00e7ant un escrit dirigit al responsable a la seva adre\u00e7a postal o electr\u00f2nica (indicades en l&#8217;apartat inicial), indicant la refer\u00e8ncia &#8220;Dades Personals&#8221;, especificant el dret que es vol exercir i respecte a quines dades personals. En cas de diverg\u00e8ncies amb l&#8217;empresa en relaci\u00f3 amb el tractament de les seves dades, pot presentar una reclamaci\u00f3 davant l&#8217;Autoritat de Protecci\u00f3 de Dades (www.aepd.es). <\/p>\n<p>5. <strong>Cookies<\/strong><br \/>\nAquesta p\u00e0gina web utilitza cookies t\u00e8cniques, de personalitzaci\u00f3, d&#8217;an\u00e0lisi i publicit\u00e0ries, pr\u00f2pies i de<br \/>\ntercers que tracten dades de connexi\u00f3 i\/o del dispositiu, aix\u00ed com h\u00e0bits de navegaci\u00f3 per a<br \/>\nfinalitats estad\u00edstiques i publicit\u00e0ries.<\/p>\n<p>Per aix\u00f2, en accedir a la nostra web, en compliment de l&#8217;article 22 de la Llei de Serveis de la<br \/>\nSocietat de la Informaci\u00f3, en tractar les cookies esmentades, li hem sol\u00b7licitat el seu<br \/>\nconsentiment per al seu \u00fas i facilitat informaci\u00f3 de les mateixes.<br \/>\n6.  <strong>Seguretat de les seves dades personals<\/strong><br \/>\nAmb l&#8217;objectiu de salvaguardar la seguretat de les seves dades personals, l&#8217;informem que hem adoptat totes les mesures d&#8217;\u00edndole t\u00e8cnica i organitzativa necess\u00e0ries per garantir la seguretat de les dades personals subministrades de la seva alteraci\u00f3, p\u00e8rdua, i tractaments o accessos no autoritzats.<br \/>\n7.  <strong>Actualitzaci\u00f3 de les seves dades<\/strong><br \/>\n\u00c9s important que perqu\u00e8 puguem mantenir les seves dades personals actualitzades, ens informi sempre que hi hagi hagut alguna modificaci\u00f3 en ells, en cas contrari, no responem de la veracitat dels mateixos.<br \/>\nNo ens fem responsables de la pol\u00edtica de privacitat respecte a les dades personals que pugui facilitar a tercers per mitj\u00e0 dels enlla\u00e7os disponibles a la nostra p\u00e0gina web.<\/p>\n<p>La present Pol\u00edtica de Privacitat pot ser modificada per adaptar-les als canvis que es produeixi a la nostra web, aix\u00ed com modificacions legislatives o jurisprudencials sobre dades personals que vagin apareixent, per la qual cosa exigeix la seva lectura, cada vegada que ens faciliti les seves dades a trav\u00e9s d&#8217;aquesta Web.<\/p>\n","protected":false},"excerpt":{"rendered":"<p>La confidencialitat i la seguretat s\u00f3n valors primordials d&#8217;Alp\u00ed Club i, en conseq\u00fc\u00e8ncia, assumim el comprom\u00eds de garantir la privacitat de l&#8217;Usuari en tot moment i de no recaptar informaci\u00f3 innecess\u00e0ria. A continuaci\u00f3, li proporcionem tota la informaci\u00f3 necess\u00e0ria sobre la nostra Pol\u00edtica de Privacitat en relaci\u00f3 amb les dades personals que recaiem, explicant-li: Qui [&hellip;]<\/p>\n","protected":false},"author":1,"featured_media":0,"parent":0,"menu_order":0,"comment_status":"open","ping_status":"open","template":"","meta":{"_et_pb_use_builder":"","_et_pb_old_content":"","_et_gb_content_width":"","_mbp_gutenberg_autopost":false,"footnotes":""},"class_list":["post-225943","page","type-page","status-publish","hentry"],"_links":{"self":[{"href":"https:\/\/www.alpinoclub.com\/ca\/wp-json\/wp\/v2\/pages\/225943","targetHints":{"allow":["GET"]}}],"collection":[{"href":"https:\/\/www.alpinoclub.com\/ca\/wp-json\/wp\/v2\/pages"}],"about":[{"href":"https:\/\/www.alpinoclub.com\/ca\/wp-json\/wp\/v2\/types\/page"}],"author":[{"embeddable":true,"href":"https:\/\/www.alpinoclub.com\/ca\/wp-json\/wp\/v2\/users\/1"}],"replies":[{"embeddable":true,"href":"https:\/\/www.alpinoclub.com\/ca\/wp-json\/wp\/v2\/comments?post=225943"}],"version-history":[{"count":1,"href":"https:\/\/www.alpinoclub.com\/ca\/wp-json\/wp\/v2\/pages\/225943\/revisions"}],"predecessor-version":[{"id":226851,"href":"https:\/\/www.alpinoclub.com\/ca\/wp-json\/wp\/v2\/pages\/225943\/revisions\/226851"}],"wp:attachment":[{"href":"https:\/\/www.alpinoclub.com\/ca\/wp-json\/wp\/v2\/media?parent=225943"}],"curies":[{"name":"wp","href":"https:\/\/api.w.org\/{rel}","templated":true}]}}